{"id":620,"date":"2021-09-08T14:40:55","date_gmt":"2021-09-08T14:40:55","guid":{"rendered":"https:\/\/y-now.com\/?page_id=620"},"modified":"2022-04-04T20:05:14","modified_gmt":"2022-04-04T20:05:14","slug":"sport-register","status":"publish","type":"page","link":"https:\/\/y-now.com\/de\/sport-register\/","title":{"rendered":"Kontaktiere mich f\u00fcr ein kostenfreies Vorgespr\u00e4ch"},"content":{"rendered":"<p>Im kostenfreien Vorgespr\u00e4ch k\u00f6nnen wir besprechen, wie ein Mentaltraining (sei es Einzelcoaching oder ein Workshop) f\u00fcr Dich aussehen k\u00f6nnte. In diesem 10 - 15 min\u00fctigen Gespr\u00e4ch (z.B. am Telefon oder per Videocall) hast Du die M\u00f6glichkeit, Dich vorzustellen und mir Dein Anliegen zu schildern. Daraufhin werde ich Dir sagen, was ich anbieten kann und meine Einsch\u00e4tzung teilen, ob Mentaltraining f\u00fcr Dich das richtige sein k\u00f6nnte. Wenn das gut klingt, kannst Du mich gerne kontaktieren:<\/p>\n\n\n\n<div class=\"forminator-guttenberg\"><div class=\"forminator-ui forminator-custom-form forminator-custom-form-437 forminator-design--default  forminator_ajax\" data-forminator-render=\"0\" data-form=\"forminator-module-437\" data-uid=\"69e34f1cd4c7e\"><br\/><\/div><form\n\t\t\t\tid=\"forminator-module-437\"\n\t\t\t\tclass=\"forminator-ui forminator-custom-form forminator-custom-form-437 forminator-design--default  forminator_ajax\"\n\t\t\t\tmethod=\"post\"\n\t\t\t\tdata-forminator-render=\"0\"\n\t\t\t\tdata-form-id=\"437\"\n\t\t\t\t\n\t\t\t\tdata-design=\"default\"\n\t\t\t\t\n\t\t\t\t\n\t\t\t\t\n\t\t\t\tdata-grid=\"open\"\n\t\t\t\t\n\t\t\t\t\n\t\t\t\tstyle=\"display: none;\"\n\t\t\t\t\n\t\t\t\tdata-uid=\"69e34f1cd4c7e\" action=\"\"\n\t\t\t><div role=\"alert\" aria-live=\"polite\" class=\"forminator-response-message forminator-error\" aria-hidden=\"true\"><\/div><div class=\"forminator-row\"><div id=\"name-1\" class=\"forminator-col forminator-col-12  white\"><div class=\"forminator-field\"><label for=\"forminator-field-name-1_69e34f1cd4c7e\" class=\"forminator-label\" id=\"forminator-field-name-1_69e34f1cd4c7e-label\">Name <span class=\"forminator-required\">*<\/span><\/label><input type=\"text\" name=\"name-1\" value=\"\" placeholder=\"z.B. Max Mustermann\" id=\"forminator-field-name-1_69e34f1cd4c7e\" class=\"forminator-input forminator-name--field\" aria-required=\"true\" \/><\/div><\/div><\/div><div class=\"forminator-row\"><div id=\"select-1\" class=\"forminator-col forminator-col-12\"><div class=\"forminator-field\"><label for=\"forminator-form-437__field--select-1_69e34f1cd4c7e\" id=\"forminator-form-437__field--select-1_69e34f1cd4c7e-label\" class=\"forminator-label\">Ich interessiere mich f\u00fcr <span class=\"forminator-required\">*<\/span><\/label><select id=\"forminator-form-437__field--select-1_69e34f1cd4c7e\" class=\"forminator-select--field forminator-select2\" data-required=\"1\" name=\"select-1\" data-default-value=\"Individual-coaching-session(s)---Mental-health-training\" data-placeholder=\"Bitte w\u00e4hle eine Option aus\" data-search=\"false\" aria-labelledby=\"forminator-form-437__field--select-1_69e34f1cd4c7e-label\" aria-describedby=\"forminator-form-437__field--select-1_69e34f1cd4c7e-description\"><option value=\"\">Bitte w\u00e4hle eine Option aus<\/option><option value=\"Individual-coaching-session(s)---Mental-health-training\" selected=\"selected\" data-calculation=\"0\">Individuelle Coaching Sessions - Mentales Gesundheitstraining<\/option><option value=\"Individual-coaching-session(s)---Sports-psychologicalmental-training\"  data-calculation=\"0\">Individuelle Coaching Sessions - Sportpsychologisches Mentaltraining<\/option><option value=\"a-workshop-for-my-group\"  data-calculation=\"0\">Einen Workshop f\u00fcr meine Gruppe<\/option><option value=\"i-dont-know-yet\"  data-calculation=\"0\">Ich wei\u00df es noch nicht<\/option><\/select><\/div><\/div><\/div><div class=\"forminator-row\"><div id=\"email-1\" class=\"forminator-col forminator-col-12\"><div class=\"forminator-field\"><label for=\"forminator-field-email-1_69e34f1cd4c7e\" class=\"forminator-label\" id=\"forminator-field-email-1_69e34f1cd4c7e-label\">E-mail Adresse <span class=\"forminator-required\">*<\/span><\/label><input type=\"email\" name=\"email-1\" value=\"\" placeholder=\"z.B. max@mustermann.com\" id=\"forminator-field-email-1_69e34f1cd4c7e\" class=\"forminator-input forminator-email--field\" data-required=\"1\" aria-required=\"true\" \/><\/div><\/div><\/div><div class=\"forminator-row\"><div id=\"number-1\" class=\"forminator-col forminator-col-12\"><div class=\"forminator-field\"><label for=\"forminator-field-number-1_69e34f1cd4c7e\" class=\"forminator-label\" id=\"forminator-field-number-1_69e34f1cd4c7e-label\">Alter <span class=\"forminator-required\">*<\/span><\/label><input name=\"number-1\" value=\"\" placeholder=\"z.B. 18 Jahre\" id=\"forminator-field-number-1_69e34f1cd4c7e\" class=\"forminator-input forminator-number--field\" inputmode=\"decimal\" data-required=\"1\" data-decimals=\"2\" aria-required=\"true\" data-inputmask=\"&#039;groupSeparator&#039;: &#039;&#039;, &#039;radixPoint&#039;: &#039;.&#039;, &#039;digits&#039;: &#039;2&#039;\" type=\"number\" step=\"any\" min=\"0\" max=\"100\" \/><\/div><\/div><\/div><div class=\"forminator-row\"><div id=\"text-1\" class=\"forminator-col forminator-col-12\"><div class=\"forminator-field\"><label for=\"forminator-field-text-1_69e34f1cd4c7e\" class=\"forminator-label\" id=\"forminator-field-text-1_69e34f1cd4c7e-label\">Geschlecht <span class=\"forminator-required\">*<\/span><\/label><input type=\"text\" name=\"text-1\" value=\"\" placeholder=\"z.B. weiblich\" id=\"forminator-field-text-1_69e34f1cd4c7e\" class=\"forminator-input forminator-name--field\" data-required=\"1\" \/><\/div><\/div><\/div><div class=\"forminator-row\"><div id=\"text-2\" class=\"forminator-col forminator-col-12\"><div class=\"forminator-field\"><label for=\"forminator-field-text-2_69e34f1cd4c7e\" class=\"forminator-label\" id=\"forminator-field-text-2_69e34f1cd4c7e-label\">Meine T\u00e4tigkeit <span class=\"forminator-required\">*<\/span><\/label><input type=\"text\" name=\"text-2\" value=\"\" placeholder=\"z.B. Student, Sportlerin, Lehrer, etc.\" id=\"forminator-field-text-2_69e34f1cd4c7e\" class=\"forminator-input forminator-name--field\" data-required=\"1\" \/><\/div><\/div><\/div><div class=\"forminator-row\"><div id=\"gdprcheckbox-1\" class=\"forminator-col forminator-col-12\"><div class=\"forminator-field\"><label for=\"forminator-field-gdprcheckbox-1_69e34f1cd4c7e\" class=\"forminator-label\">GDPR <span class=\"forminator-required\">*<\/span><\/label><label for=\"forminator-field-gdprcheckbox-1_69e34f1cd4c7e\" class=\"forminator-checkbox\"><input type=\"checkbox\" name=\"gdprcheckbox-1\" value=\"true\" id=\"forminator-field-gdprcheckbox-1_69e34f1cd4c7e\" data-required=\"true\" aria-required=\"true\" \/><span class=\"forminator-checkbox-box\" aria-hidden=\"true\"><\/span><span class=\"forminator-checkbox-label\">Yes, I agree with the privacy policy.<\/span><\/label><\/div><\/div><\/div><input type=\"hidden\" name=\"referer_url\" value=\"\" \/><div class=\"forminator-row forminator-row-last\"><div class=\"forminator-col\"><div class=\"forminator-field\"><button class=\"forminator-button forminator-button-submit\">Senden<\/button><\/div><\/div><\/div><input type=\"hidden\" id=\"forminator_nonce\" name=\"forminator_nonce\" value=\"dd358d5a83\" \/><input type=\"hidden\" name=\"_wp_http_referer\" value=\"\/de\/wp-json\/wp\/v2\/pages\/620\" \/><input type=\"hidden\" name=\"form_id\" value=\"437\"><input type=\"hidden\" name=\"page_id\" value=\"620\"><input type=\"hidden\" name=\"form_type\" value=\"default\"><input type=\"hidden\" name=\"current_url\" value=\"https:\/\/y-now.com\/de\/sport-register\/\"><input type=\"hidden\" name=\"render_id\" value=\"0\"><input type=\"hidden\" name=\"action\" value=\"forminator_submit_form_custom-forms\"><label for=\"input_8\" class=\"forminator-hidden\" aria-hidden=\"true\">Bitte f\u00fclle dieses Feld nicht aus. <input id=\"input_8\" type=\"text\" name=\"input_8\" value=\"\" autocomplete=\"off\"><\/label><input type=\"hidden\" name=\"trp-form-language\" value=\"de\"\/><\/form><\/div>","protected":false},"excerpt":{"rendered":"<p>The free preliminary conversation is meant to clarify what mental training (be it individual coaching or a workshop) could mean for you. This 10 &#8211; 15 min. conversation (e.g. on the phone or a video call) gives you the opportunity to introduce yourself and tell me about your subject of interest. Consequently, I will tell&#8230;<\/p>","protected":false},"author":2,"featured_media":0,"parent":0,"menu_order":0,"comment_status":"closed","ping_status":"closed","template":"","meta":{"_kad_post_transparent":"","_kad_post_title":"","_kad_post_layout":"","_kad_post_sidebar_id":"","_kad_post_content_style":"","_kad_post_vertical_padding":"","_kad_post_feature":"","_kad_post_feature_position":"","_kad_post_header":false,"_kad_post_footer":false,"footnotes":""},"class_list":["post-620","page","type-page","status-publish","hentry"],"_links":{"self":[{"href":"https:\/\/y-now.com\/de\/wp-json\/wp\/v2\/pages\/620","targetHints":{"allow":["GET"]}}],"collection":[{"href":"https:\/\/y-now.com\/de\/wp-json\/wp\/v2\/pages"}],"about":[{"href":"https:\/\/y-now.com\/de\/wp-json\/wp\/v2\/types\/page"}],"author":[{"embeddable":true,"href":"https:\/\/y-now.com\/de\/wp-json\/wp\/v2\/users\/2"}],"replies":[{"embeddable":true,"href":"https:\/\/y-now.com\/de\/wp-json\/wp\/v2\/comments?post=620"}],"version-history":[{"count":5,"href":"https:\/\/y-now.com\/de\/wp-json\/wp\/v2\/pages\/620\/revisions"}],"predecessor-version":[{"id":649,"href":"https:\/\/y-now.com\/de\/wp-json\/wp\/v2\/pages\/620\/revisions\/649"}],"wp:attachment":[{"href":"https:\/\/y-now.com\/de\/wp-json\/wp\/v2\/media?parent=620"}],"curies":[{"name":"wp","href":"https:\/\/api.w.org\/{rel}","templated":true}]}}