{"id":764,"date":"2022-04-05T12:15:33","date_gmt":"2022-04-05T12:15:33","guid":{"rendered":"https:\/\/y-now.com\/?page_id=764"},"modified":"2024-05-03T07:22:28","modified_gmt":"2024-05-03T07:22:28","slug":"gesundheit-partner","status":"publish","type":"page","link":"https:\/\/y-now.com\/de\/gesundheit-partner\/","title":{"rendered":"Partner"},"content":{"rendered":"<nav class=\"is-responsive items-justified-center wp-block-navigation is-content-justification-center is-layout-flex wp-container-core-navigation-is-layout-16018d1d wp-block-navigation-is-layout-flex\" aria-label=\"Gesundheit\" \n\t\t data-wp-interactive=\"core\/navigation\" data-wp-context='{\"overlayOpenedBy\":{\"click\":false,\"hover\":false,\"focus\":false},\"type\":\"overlay\",\"roleAttribute\":\"\",\"ariaLabel\":\"Men\\u00fc\"}'><button aria-haspopup=\"dialog\" aria-label=\"Men\u00fc \u00f6ffnen\" class=\"wp-block-navigation__responsive-container-open\" \n\t\t\t\tdata-wp-on--click=\"actions.openMenuOnClick\"\n\t\t\t\tdata-wp-on--keydown=\"actions.handleMenuKeydown\"\n\t\t\t><svg width=\"24\" height=\"24\" xmlns=\"http:\/\/www.w3.org\/2000\/svg\" viewbox=\"0 0 24 24\" aria-hidden=\"true\" focusable=\"false\"><path d=\"M4 7.5h16v1.5H4z\"><\/path><path d=\"M4 15h16v1.5H4z\"><\/path><\/svg><\/button>\n\t\t\t\t<div class=\"wp-block-navigation__responsive-container\"  id=\"modal-1\" \n\t\t\t\tdata-wp-class--has-modal-open=\"state.isMenuOpen\"\n\t\t\t\tdata-wp-class--is-menu-open=\"state.isMenuOpen\"\n\t\t\t\tdata-wp-watch=\"callbacks.initMenu\"\n\t\t\t\tdata-wp-on--keydown=\"actions.handleMenuKeydown\"\n\t\t\t\tdata-wp-on--focusout=\"actions.handleMenuFocusout\"\n\t\t\t\ttabindex=\"-1\"\n\t\t\t>\n\t\t\t\t\t<div class=\"wp-block-navigation__responsive-close\" tabindex=\"-1\">\n\t\t\t\t\t\t<div class=\"wp-block-navigation__responsive-dialog\" \n\t\t\t\tdata-wp-bind--aria-modal=\"state.ariaModal\"\n\t\t\t\tdata-wp-bind--aria-label=\"state.ariaLabel\"\n\t\t\t\tdata-wp-bind--role=\"state.roleAttribute\"\n\t\t\t>\n\t\t\t\t\t\t\t<button aria-label=\"Men\u00fc schlie\u00dfen\" class=\"wp-block-navigation__responsive-container-close\" \n\t\t\t\tdata-wp-on--click=\"actions.closeMenuOnClick\"\n\t\t\t><svg xmlns=\"http:\/\/www.w3.org\/2000\/svg\" viewbox=\"0 0 24 24\" width=\"24\" height=\"24\" aria-hidden=\"true\" focusable=\"false\"><path d=\"m13.06 12 6.47-6.47-1.06-1.06L12 10.94 5.53 4.47 4.47 5.53 10.94 12l-6.47 6.47 1.06 1.06L12 13.06l6.47 6.47 1.06-1.06L13.06 12Z\"><\/path><\/svg><\/button>\n\t\t\t\t\t\t\t<div class=\"wp-block-navigation__responsive-container-content\" \n\t\t\t\tdata-wp-watch=\"callbacks.focusFirstElement\"\n\t\t\t id=\"modal-1-content\">\n\t\t\t\t\t\t\t\t<ul class=\"wp-block-navigation__container is-responsive items-justified-center wp-block-navigation\"><li class=\"wp-block-navigation-item wp-block-navigation-link\"><a class=\"wp-block-navigation-item__content\"  href=\"https:\/\/y-now.com\/de\/gesundheit\/\"><span class=\"wp-block-navigation-item__label\">Home<\/span><\/a><\/li><li class=\"wp-block-navigation-item wp-block-navigation-link\"><a class=\"wp-block-navigation-item__content\"  href=\"https:\/\/y-now.com\/de\/gesundheit-about-me\/\"><span class=\"wp-block-navigation-item__label\">\u00dcber mich<\/span><\/a><\/li><li class=\"wp-block-navigation-item wp-block-navigation-link\"><a class=\"wp-block-navigation-item__content\"  href=\"https:\/\/y-now.com\/de\/gesundheit-offer\/\"><span class=\"wp-block-navigation-item__label\">Angebot<\/span><\/a><\/li><li class=\"wp-block-navigation-item wp-block-navigation-link\"><a class=\"wp-block-navigation-item__content\"  href=\"https:\/\/y-now.com\/de\/gesund-research\/\"><span class=\"wp-block-navigation-item__label\">Forschung<\/span><\/a><\/li><li class=\"wp-block-navigation-item wp-block-navigation-link\"><a class=\"wp-block-navigation-item__content\"  href=\"https:\/\/y-now.com\/de\/gesundheit-partner\/\"><span class=\"wp-block-navigation-item__label\">Partner<\/span><\/a><\/li><li class=\"wp-block-navigation-item wp-block-navigation-link\"><a class=\"wp-block-navigation-item__content\"  href=\"https:\/\/y-now.com\/de\/gesundheit-contact-me\/\"><span class=\"wp-block-navigation-item__label\">Kontaktiere mich<\/span><\/a><\/li><\/ul>\n\t\t\t\t\t\t\t<\/div>\n\t\t\t\t\t\t<\/div>\n\t\t\t\t\t<\/div>\n\t\t\t\t<\/div><\/nav>\n\n\n<div style=\"height:60px\" aria-hidden=\"true\" class=\"wp-block-spacer\"><\/div>\n\n\n\n<hr class=\"wp-block-separator has-css-opacity\"\/>\n\n\n\n<p>Bei meiner Arbeit ist mir Kooperation und regelm\u00e4\u00dfiger fachlicher Austausch sehr wichtig. Im Folgenden gibt es eine Auflistung meiner Partner.<\/p>\n\n\n\n<div class=\"wp-block-columns is-layout-flex wp-container-core-columns-is-layout-9d6595d7 wp-block-columns-is-layout-flex\">\n<div class=\"wp-block-column is-layout-flow wp-block-column-is-layout-flow\" style=\"flex-basis:20%\">\n<figure class=\"wp-block-image size-large is-resized is-style-default\"><a href=\"http:\/\/www.domletics.com\/start.html\" target=\"_blank\" rel=\"noopener\"><img loading=\"lazy\" decoding=\"async\" width=\"240\" height=\"240\" src=\"https:\/\/y-now.com\/wp-content\/uploads\/2021\/06\/domletics.png\" alt=\"\" class=\"wp-image-243\" style=\"width:236px;height:236px\" srcset=\"https:\/\/y-now.com\/wp-content\/uploads\/2021\/06\/domletics.png 240w, https:\/\/y-now.com\/wp-content\/uploads\/2021\/06\/domletics-150x150.png 150w, https:\/\/y-now.com\/wp-content\/uploads\/2021\/06\/domletics-12x12.png 12w\" sizes=\"auto, (max-width: 240px) 100vw, 240px\" \/><\/a><\/figure>\n<\/div>\n\n\n\n<div class=\"wp-block-column is-layout-flow wp-block-column-is-layout-flow\">\n<h3 class=\"wp-block-heading\">domletics<\/h3>\n\n\n\n<p class=\"has-theme-palette-3-color has-text-color\">Dominic Reinold ist Sportwissenschaftler und ehemaliger Fu\u00dfballprofi. Er und sein Team spezialisieren sich auf Individualtraining im Fu\u00dfball und arbeiten bereits seit Jahren erfolgreich an der Weiterentwicklung von jungen Talenten und Profis. <\/p>\n\n\n\n<p class=\"has-text-color\" style=\"color:#363738\"><a rel=\"noreferrer noopener\" href=\"http:\/\/www.domletics.com\/start.html\" target=\"_blank\">Hier geht's zur Website<\/a>.<\/p>\n<\/div>\n<\/div>\n\n\n\n<div class=\"wp-block-columns is-layout-flex wp-container-core-columns-is-layout-9d6595d7 wp-block-columns-is-layout-flex\"><\/div>\n\n\n\n<hr class=\"wp-block-separator has-css-opacity is-style-wide\"\/>\n\n\n\n<div class=\"wp-block-columns is-layout-flex wp-container-core-columns-is-layout-9d6595d7 wp-block-columns-is-layout-flex\">\n<div class=\"wp-block-column is-layout-flow wp-block-column-is-layout-flow\" style=\"flex-basis:20%\">\n<figure class=\"wp-block-image size-large is-style-default\"><a href=\"https:\/\/www.dr-bernie-klein.de\" target=\"_blank\" rel=\"noopener\"><img loading=\"lazy\" decoding=\"async\" width=\"240\" height=\"240\" src=\"https:\/\/y-now.com\/wp-content\/uploads\/2021\/06\/Bildschirmfoto-2018-12-16-um-15.31.53.png\" alt=\"\" class=\"wp-image-245\" srcset=\"https:\/\/y-now.com\/wp-content\/uploads\/2021\/06\/Bildschirmfoto-2018-12-16-um-15.31.53.png 240w, https:\/\/y-now.com\/wp-content\/uploads\/2021\/06\/Bildschirmfoto-2018-12-16-um-15.31.53-150x150.png 150w, https:\/\/y-now.com\/wp-content\/uploads\/2021\/06\/Bildschirmfoto-2018-12-16-um-15.31.53-12x12.png 12w\" sizes=\"auto, (max-width: 240px) 100vw, 240px\" \/><\/a><\/figure>\n<\/div>\n\n\n\n<div class=\"wp-block-column is-layout-flow wp-block-column-is-layout-flow\">\n<h3 class=\"wp-block-heading\">Dr. med. Bernie Klein&nbsp;<\/h3>\n\n\n\n<p>Dr. med. Bernie Klein ist Facharzt f\u00fcr Allgemeinmedizin und Sportmedizin. Neben seinen zahlreichen T\u00e4tigkeiten als Haus- und Notarzt fungiert er zudem als sportmedizinischer Betreuer f\u00fcr das Basketball ProB Team der Dragons Rh\u00f6ndorf. <\/p>\n\n\n\n<p class=\"has-text-color\" style=\"color:#363738\"><a rel=\"noreferrer noopener\" href=\"https:\/\/www.dr-bernie-klein.de\" target=\"_blank\">Hier geht's zur Website<\/a><\/p>\n<\/div>\n<\/div>\n\n\n\n<hr class=\"wp-block-separator has-css-opacity is-style-wide\"\/>\n\n\n\n<div class=\"wp-block-columns is-layout-flex wp-container-core-columns-is-layout-9d6595d7 wp-block-columns-is-layout-flex\">\n<div class=\"wp-block-column is-layout-flow wp-block-column-is-layout-flow\" style=\"flex-basis:20%\">\n<figure class=\"wp-block-image size-large\"><a href=\"https:\/\/www.yaap.eu\/\" target=\"_blank\" rel=\"noopener\"><img loading=\"lazy\" decoding=\"async\" width=\"326\" height=\"295\" src=\"https:\/\/y-now.com\/wp-content\/uploads\/2021\/06\/Bildschirmfoto-2018-12-24-um-23.59.24.png\" alt=\"\" class=\"wp-image-246\" srcset=\"https:\/\/y-now.com\/wp-content\/uploads\/2021\/06\/Bildschirmfoto-2018-12-24-um-23.59.24.png 326w, https:\/\/y-now.com\/wp-content\/uploads\/2021\/06\/Bildschirmfoto-2018-12-24-um-23.59.24-300x271.png 300w, https:\/\/y-now.com\/wp-content\/uploads\/2021\/06\/Bildschirmfoto-2018-12-24-um-23.59.24-13x12.png 13w\" sizes=\"auto, (max-width: 326px) 100vw, 326px\" \/><\/a><\/figure>\n<\/div>\n\n\n\n<div class=\"wp-block-column is-layout-flow wp-block-column-is-layout-flow\">\n<h3 class=\"wp-block-heading\">YAAP&nbsp;<\/h3>\n\n\n\n<p>YAAP ist ein junges Unternehmen f\u00fcr Sport- und Leistungspsychologie in Amsterdam. Susie Kats und Tim Koning kombinieren bei ihrer Arbeit mentales Training  mit der Aktivierung physischer Kr\u00e4fte, um eine Leistungssteigerung bei ihren Athleten zu erreichen. <\/p>\n\n\n\n<p class=\"has-text-color\" style=\"color:#363738\"><a rel=\"noreferrer noopener\" href=\"https:\/\/www.yaap.eu\/\" target=\"_blank\">Hier geht's zur Website<\/a><\/p>\n<\/div>\n<\/div>\n\n\n\n<hr class=\"wp-block-separator has-css-opacity is-style-wide\"\/>\n\n\n\n<div class=\"wp-block-columns is-layout-flex wp-container-core-columns-is-layout-9d6595d7 wp-block-columns-is-layout-flex\">\n<div class=\"wp-block-column is-layout-flow wp-block-column-is-layout-flow\" style=\"flex-basis:20%\">\n<figure class=\"wp-block-image size-large\"><a href=\"https:\/\/emergetoprosper.com\/\" target=\"_blank\" rel=\"noopener\"><img loading=\"lazy\" decoding=\"async\" width=\"935\" height=\"935\" src=\"https:\/\/y-now.com\/wp-content\/uploads\/2021\/06\/emergetoprosper.jpeg\" alt=\"\" class=\"wp-image-247\" srcset=\"https:\/\/y-now.com\/wp-content\/uploads\/2021\/06\/emergetoprosper.jpeg 935w, https:\/\/y-now.com\/wp-content\/uploads\/2021\/06\/emergetoprosper-300x300.jpeg 300w, https:\/\/y-now.com\/wp-content\/uploads\/2021\/06\/emergetoprosper-150x150.jpeg 150w, https:\/\/y-now.com\/wp-content\/uploads\/2021\/06\/emergetoprosper-768x768.jpeg 768w, https:\/\/y-now.com\/wp-content\/uploads\/2021\/06\/emergetoprosper-12x12.jpeg 12w\" sizes=\"auto, (max-width: 935px) 100vw, 935px\" \/><\/a><\/figure>\n<\/div>\n\n\n\n<div class=\"wp-block-column is-layout-flow wp-block-column-is-layout-flow\">\n<h3 class=\"wp-block-heading\">Emerge to Prosper&nbsp;<\/h3>\n\n\n\n<p>Um ein wirklich erfolgreiches Leben zu genie\u00dfen, ist es notwendig bewusst und im Einklang mit sich selbst zu leben. Sportwissenschaftler und Psychologe Jorim Holtey-Weber bietet durch Emerge to Prosper Coachings an, um Sie dabei zu unterst\u00fctzen. Zus\u00e4tzlich organisiert er Coaching Programme f\u00fcr Promovierende und Veranstaltungen die Sport und Psychologie verbinden. <\/p>\n\n\n\n<p class=\"has-text-color\" style=\"color:#363738\"><a href=\"https:\/\/emergetoprosper.com\/\" target=\"_blank\" rel=\"noreferrer noopener\">Hier geht's zur Website<\/a>&nbsp;<\/p>\n<\/div>\n<\/div>\n\n\n\n<hr class=\"wp-block-separator has-css-opacity is-style-wide\"\/>\n\n\n\n<div class=\"wp-block-columns is-layout-flex wp-container-core-columns-is-layout-9d6595d7 wp-block-columns-is-layout-flex\">\n<div class=\"wp-block-column is-layout-flow wp-block-column-is-layout-flow\" style=\"flex-basis:20%\">\n<figure class=\"wp-block-image size-large is-resized\"><a href=\"https:\/\/www.christianzepp.com\" target=\"_blank\" rel=\"noopener\"><img loading=\"lazy\" decoding=\"async\" width=\"1024\" height=\"317\" src=\"https:\/\/y-now.com\/wp-content\/uploads\/2021\/06\/Logo_Zepp-1024x317.png\" alt=\"\" class=\"wp-image-248\" style=\"width:233px;height:72px\" srcset=\"https:\/\/y-now.com\/wp-content\/uploads\/2021\/06\/Logo_Zepp-1024x317.png 1024w, https:\/\/y-now.com\/wp-content\/uploads\/2021\/06\/Logo_Zepp-300x93.png 300w, https:\/\/y-now.com\/wp-content\/uploads\/2021\/06\/Logo_Zepp-768x238.png 768w, https:\/\/y-now.com\/wp-content\/uploads\/2021\/06\/Logo_Zepp-1536x475.png 1536w, https:\/\/y-now.com\/wp-content\/uploads\/2021\/06\/Logo_Zepp-2048x634.png 2048w, https:\/\/y-now.com\/wp-content\/uploads\/2021\/06\/Logo_Zepp-16x5.png 16w\" sizes=\"auto, (max-width: 1024px) 100vw, 1024px\" \/><\/a><\/figure>\n<\/div>\n\n\n\n<div class=\"wp-block-column is-layout-flow wp-block-column-is-layout-flow\">\n<h3 class=\"wp-block-heading\">Dr. Christian Zepp<\/h3>\n\n\n\n<p>Dr. Christian Zepp ist ein ehemaliger Leistungssportler, promovierter Wissenschaftler im Bereich Sportpsychologie, Dozent an der Deutschen Sporthochschule K\u00f6ln, systemischer Coach und Change Manager. Neben der Lehre arbeitet er in seinem Alltag zusammen mit Athleten, Mannschaften, Trainern und Menschen aus anderen Bereichen, um sie in ihrer Pers\u00f6nlichkeitsentwicklung zu unterst\u00fctzen. <\/p>\n\n\n\n<p class=\"has-text-color\" style=\"color:#363738\"><a rel=\"noreferrer noopener\" href=\"https:\/\/www.christianzepp.com\" target=\"_blank\">Hier geht's zur Website<\/a><\/p>\n<\/div>\n<\/div>\n\n\n\n<hr class=\"wp-block-separator has-css-opacity is-style-wide\"\/>\n\n\n\n<div class=\"wp-block-columns is-layout-flex wp-container-core-columns-is-layout-9d6595d7 wp-block-columns-is-layout-flex\">\n<div class=\"wp-block-column is-layout-flow wp-block-column-is-layout-flow\" style=\"flex-basis:20%\">\n<figure class=\"wp-block-image size-large\"><a href=\"https:\/\/www.rhein-in-form.de\/\" target=\"_blank\" rel=\"noopener\"><img loading=\"lazy\" decoding=\"async\" width=\"565\" height=\"203\" src=\"https:\/\/y-now.com\/wp-content\/uploads\/2021\/06\/rhein-in-form.png\" alt=\"\" class=\"wp-image-249\" srcset=\"https:\/\/y-now.com\/wp-content\/uploads\/2021\/06\/rhein-in-form.png 565w, https:\/\/y-now.com\/wp-content\/uploads\/2021\/06\/rhein-in-form-300x108.png 300w, https:\/\/y-now.com\/wp-content\/uploads\/2021\/06\/rhein-in-form-16x6.png 16w\" sizes=\"auto, (max-width: 565px) 100vw, 565px\" \/><\/a><\/figure>\n<\/div>\n\n\n\n<div class=\"wp-block-column is-layout-flow wp-block-column-is-layout-flow\">\n<h3 class=\"wp-block-heading\">rhein-in-form<\/h3>\n\n\n\n<p>Das Unternehmen \u201erhein-in-form\u201c, von Diplom Sportwissenschaftlerin Ines Speck, hat sich auf die Betriebliche Gesundheitsf\u00f6rderung (BGF) und auf Outdoor Fitness Kurse spezialisiert. Sowohl die SPECK&amp;RUN Outdoor Fitness Kurse, als auch ein Teil der BGF sind von der zentralen Pr\u00fcfstelle f\u00fcr Pr\u00e4vention zertifiziert und werden von den gesetzlichen Krankenkassen bezuschusst. \"Wir haben uns vorgenommen dem Begriff \u201abetriebliche Gesundheitsf\u00f6rderung\u2018 frischen Wind zu verleihen und uns zum Ziel gesetzt die Freude an der Bewegung \u00fcberzeugend zu vermitteln\". <\/p>\n\n\n\n<p class=\"has-text-color\" style=\"color:#363738\"><a rel=\"noreferrer noopener\" href=\"https:\/\/www.rhein-in-form.de\/\" target=\"_blank\">Hier geht's zur Website<\/a><\/p>\n<\/div>\n<\/div>","protected":false},"excerpt":{"rendered":"<p>In my work, cooperation and regular professional exchange are very important to me. Below is a list of my partners. domletics Dominic Reinold is a sports scientist and former professional soccer player. He and his team specialize in individual training in soccer and have been working successfully on the development of young talents and professionals&#8230;<\/p>","protected":false},"author":2,"featured_media":0,"parent":0,"menu_order":0,"comment_status":"closed","ping_status":"closed","template":"","meta":{"_kad_post_transparent":"","_kad_post_title":"","_kad_post_layout":"","_kad_post_sidebar_id":"","_kad_post_content_style":"","_kad_post_vertical_padding":"","_kad_post_feature":"","_kad_post_feature_position":"","_kad_post_header":false,"_kad_post_footer":false,"footnotes":""},"class_list":["post-764","page","type-page","status-publish","hentry"],"_links":{"self":[{"href":"https:\/\/y-now.com\/de\/wp-json\/wp\/v2\/pages\/764","targetHints":{"allow":["GET"]}}],"collection":[{"href":"https:\/\/y-now.com\/de\/wp-json\/wp\/v2\/pages"}],"about":[{"href":"https:\/\/y-now.com\/de\/wp-json\/wp\/v2\/types\/page"}],"author":[{"embeddable":true,"href":"https:\/\/y-now.com\/de\/wp-json\/wp\/v2\/users\/2"}],"replies":[{"embeddable":true,"href":"https:\/\/y-now.com\/de\/wp-json\/wp\/v2\/comments?post=764"}],"version-history":[{"count":9,"href":"https:\/\/y-now.com\/de\/wp-json\/wp\/v2\/pages\/764\/revisions"}],"predecessor-version":[{"id":1099,"href":"https:\/\/y-now.com\/de\/wp-json\/wp\/v2\/pages\/764\/revisions\/1099"}],"wp:attachment":[{"href":"https:\/\/y-now.com\/de\/wp-json\/wp\/v2\/media?parent=764"}],"curies":[{"name":"wp","href":"https:\/\/api.w.org\/{rel}","templated":true}]}}