{"id":902,"date":"2022-05-10T13:46:16","date_gmt":"2022-05-10T13:46:16","guid":{"rendered":"https:\/\/y-now.com\/?page_id=902"},"modified":"2025-08-02T08:34:57","modified_gmt":"2025-08-02T08:34:57","slug":"gesund-research","status":"publish","type":"page","link":"https:\/\/y-now.com\/de\/gesund-research\/","title":{"rendered":"Forschung"},"content":{"rendered":"<nav class=\"is-responsive items-justified-center wp-block-navigation is-content-justification-center is-layout-flex wp-container-core-navigation-is-layout-16018d1d wp-block-navigation-is-layout-flex\" aria-label=\"Gesundheit\" \n\t\t data-wp-interactive=\"core\/navigation\" data-wp-context='{\"overlayOpenedBy\":{\"click\":false,\"hover\":false,\"focus\":false},\"type\":\"overlay\",\"roleAttribute\":\"\",\"ariaLabel\":\"Men\\u00fc\"}'><button aria-haspopup=\"dialog\" aria-label=\"Men\u00fc \u00f6ffnen\" class=\"wp-block-navigation__responsive-container-open\" \n\t\t\t\tdata-wp-on--click=\"actions.openMenuOnClick\"\n\t\t\t\tdata-wp-on--keydown=\"actions.handleMenuKeydown\"\n\t\t\t><svg width=\"24\" height=\"24\" xmlns=\"http:\/\/www.w3.org\/2000\/svg\" viewbox=\"0 0 24 24\" aria-hidden=\"true\" focusable=\"false\"><path d=\"M4 7.5h16v1.5H4z\"><\/path><path d=\"M4 15h16v1.5H4z\"><\/path><\/svg><\/button>\n\t\t\t\t<div class=\"wp-block-navigation__responsive-container\"  id=\"modal-1\" \n\t\t\t\tdata-wp-class--has-modal-open=\"state.isMenuOpen\"\n\t\t\t\tdata-wp-class--is-menu-open=\"state.isMenuOpen\"\n\t\t\t\tdata-wp-watch=\"callbacks.initMenu\"\n\t\t\t\tdata-wp-on--keydown=\"actions.handleMenuKeydown\"\n\t\t\t\tdata-wp-on--focusout=\"actions.handleMenuFocusout\"\n\t\t\t\ttabindex=\"-1\"\n\t\t\t>\n\t\t\t\t\t<div class=\"wp-block-navigation__responsive-close\" tabindex=\"-1\">\n\t\t\t\t\t\t<div class=\"wp-block-navigation__responsive-dialog\" \n\t\t\t\tdata-wp-bind--aria-modal=\"state.ariaModal\"\n\t\t\t\tdata-wp-bind--aria-label=\"state.ariaLabel\"\n\t\t\t\tdata-wp-bind--role=\"state.roleAttribute\"\n\t\t\t>\n\t\t\t\t\t\t\t<button aria-label=\"Men\u00fc schlie\u00dfen\" class=\"wp-block-navigation__responsive-container-close\" \n\t\t\t\tdata-wp-on--click=\"actions.closeMenuOnClick\"\n\t\t\t><svg xmlns=\"http:\/\/www.w3.org\/2000\/svg\" viewbox=\"0 0 24 24\" width=\"24\" height=\"24\" aria-hidden=\"true\" focusable=\"false\"><path d=\"m13.06 12 6.47-6.47-1.06-1.06L12 10.94 5.53 4.47 4.47 5.53 10.94 12l-6.47 6.47 1.06 1.06L12 13.06l6.47 6.47 1.06-1.06L13.06 12Z\"><\/path><\/svg><\/button>\n\t\t\t\t\t\t\t<div class=\"wp-block-navigation__responsive-container-content\" \n\t\t\t\tdata-wp-watch=\"callbacks.focusFirstElement\"\n\t\t\t id=\"modal-1-content\">\n\t\t\t\t\t\t\t\t<ul class=\"wp-block-navigation__container is-responsive items-justified-center wp-block-navigation\"><li class=\"wp-block-navigation-item wp-block-navigation-link\"><a class=\"wp-block-navigation-item__content\"  href=\"https:\/\/y-now.com\/de\/gesundheit\/\"><span class=\"wp-block-navigation-item__label\">Home     <\/span><\/a><\/li><li class=\"wp-block-navigation-item wp-block-navigation-link\"><a class=\"wp-block-navigation-item__content\"  href=\"https:\/\/y-now.com\/de\/gesundheit-about-me\/\"><span class=\"wp-block-navigation-item__label\">\u00dcber mich     <\/span><\/a><\/li><li class=\"wp-block-navigation-item wp-block-navigation-link\"><a class=\"wp-block-navigation-item__content\"  href=\"https:\/\/y-now.com\/de\/gesundheit-offer\/\"><span class=\"wp-block-navigation-item__label\">Angebot<\/span><\/a><\/li><li class=\"wp-block-navigation-item wp-block-navigation-link\"><a class=\"wp-block-navigation-item__content\"  href=\"https:\/\/y-now.com\/de\/gesund-research\/\"><span class=\"wp-block-navigation-item__label\">     Forschung<\/span><\/a><\/li><li class=\"wp-block-navigation-item wp-block-navigation-link\"><a class=\"wp-block-navigation-item__content\"  href=\"https:\/\/y-now.com\/de\/gesundheit-partner\/\"><span class=\"wp-block-navigation-item__label\">     Partner<\/span><\/a><\/li><li class=\"wp-block-navigation-item wp-block-navigation-link\"><a class=\"wp-block-navigation-item__content\"  href=\"https:\/\/y-now.com\/de\/gesundheit-contact-me\/\"><span class=\"wp-block-navigation-item__label\">     Kontaktiere mich<\/span><\/a><\/li><\/ul>\n\t\t\t\t\t\t\t<\/div>\n\t\t\t\t\t\t<\/div>\n\t\t\t\t\t<\/div>\n\t\t\t\t<\/div><\/nav>\n\n\n<div style=\"height:60px\" aria-hidden=\"true\" class=\"wp-block-spacer\"><\/div>\n\n\n\n<hr class=\"wp-block-separator has-css-opacity\"\/>\n\n\n\n<p><\/p>\n\n\n\n<p class=\"has-theme-palette-3-color has-text-color has-link-color wp-elements-2e5270cb2436fbe39d61f5dbdbacded3\">Zurzeit arbeite ich als Postdoktorand im Department of Behavioural and Cognitive Sciences an der Universit\u00e4t Luxemburg. In unserem Projekt, <a href=\"https:\/\/chanse.org\/wellmod\/\" data-type=\"link\" data-id=\"https:\/\/chanse.org\/wellmod\/\" target=\"_blank\" rel=\"noreferrer noopener\">WELLMOD<\/a>, zielen wir darauf ab, das erste Mikrosimulationsmodell zu entwickeln, das politischen Entscheidungstr\u00e4gern helfen soll, effektivere politische Ma\u00dfnahmen zu planen, die auf das subjektive Wohlbefinden ausgerichtet sind. Das Modell wird die Bewertung und den Vergleich politischer Optionen auf der Grundlage ihrer voraussichtlichen Auswirkungen auf das subjektive Wohlbefinden und der damit verbundenen \u00f6ffentlichen Kosten erm\u00f6glichen.<\/p>\n\n\n\n<p>W\u00e4hrend meiner Zeit als Doktorand im Stenfors-Labor am Psychologischen Institut der Universit\u00e4t Stockholm habe ich Daten aus schwedischen bev\u00f6lkerungsbasierten Stichproben analysiert und die Rolle von Kontakt mit der Natur f\u00fcr die mentale Gesundheit untersucht:<\/p>\n\n\n\n<p class=\"has-theme-palette-3-color has-text-color has-link-color wp-elements-a8d9d5c0d43355feac258670d5f0a182\"><a href=\"https:\/\/link.springer.com\/article\/10.1007\/s10389-025-02465-6#\" data-type=\"page\" data-id=\"1120\" target=\"_blank\" rel=\"noreferrer noopener\"><mark style=\"background-color:rgba(0, 0, 0, 0)\" class=\"has-inline-color has-theme-palette-8-color\"><em><strong>Klein, Y.<\/strong>, Nilsen, I.B.R., Lindfors, P.&nbsp;et al.&nbsp;Nature visits buffered against loneliness during COVID-19, especially among those mainly working remotely: a population-based study of working adults in Sweden.&nbsp;J Public Health (Berl.)&nbsp;(2025). https:\/\/doi.org\/10.1007\/s10389-025-02465-6<\/em><\/mark><\/a><\/p>\n\n\n\n<p class=\"has-theme-palette-3-color has-text-color has-link-color wp-elements-21becbaea0c510702cbf6457767aa447\"><a href=\"https:\/\/doi.org\/10.1007\/s10389-024-02230-1\" target=\"_blank\" rel=\"noreferrer noopener\"><em><strong>Klein, Y.<\/strong>, Lindfors, P., Hanson, L. L. M., &amp; Stenfors, C. U. D. (2024). Development of nature-related habits and their relation to mental health outcomes during two years of the COVID-19 pandemic: A population-based study in Sweden. Journal of Public Health. https:\/\/doi.org\/10.1007\/s10389-024-02230-1<\/em><\/a><\/p>\n\n\n\n<p class=\"has-theme-palette-3-color has-text-color has-link-color wp-elements-ca46190265e3d7db8246352d7bc487b3\"><a href=\"https:\/\/psyarxiv.com\/k6mev\/\" data-type=\"link\" data-id=\"https:\/\/psyarxiv.com\/k6mev\/\" target=\"_blank\" rel=\"noreferrer noopener\"><em>Stenfors, C. U. D., R\u00e5dmark, L., Steng\u00e5rd, J., <strong>Klein, Y.<\/strong>, Osika, W., &amp; Hanson, L. M. (2023). More green, less blue: Residential Greenspace is Associated with Lower Antidepressant Redemptions in a Nationwide Population-Based Study\u2014Need for an Environmental Psychiatry Framework. PsyArXiv, DOI: 10.31234\/osf.io\/k6mev, https:\/\/psyarxiv.com\/k6mev\/<\/em><\/a><\/p>\n\n\n\n<p class=\"has-theme-palette-3-color has-text-color has-link-color wp-elements-88fa54de53f56891ecbab1e2c47bdcf3\"><a href=\"https:\/\/www.mdpi.com\/1660-4601\/19\/9\/5668\/htm\" target=\"_blank\" rel=\"noreferrer noopener\"><mark style=\"background-color:rgba(0, 0, 0, 0)\" class=\"has-inline-color has-theme-palette-4-color\"><em><strong>Y. Klein<\/strong>, P. Lindfors, W. Osika, L.L.M. Hanson, C.U.D. Stenfors, Residential Greenspace Is Associated with Lower Levels of Depressive and Burnout Symptoms, and Higher Levels of Life Satisfaction: A Nationwide Population-Based Study in Sweden, Int. J. Environ. Res. Public Heal. 2022, Vol. 19, Page 5668. 19 (2022) 5668. https:\/\/doi.org\/10.3390\/IJERPH19095668.<\/em><\/mark><\/a><\/p>\n\n\n\n<hr class=\"wp-block-separator has-css-opacity\"\/>\n\n\n\n<p><\/p>\n\n\n\n<p>W\u00e4hrend meiner Zeit an der Deutschen Sporthochschule K\u00f6ln hatte ich die M\u00f6glichkeit, als Co-Autor unter der Supervision von Dr. Sylvain Laborde an dem Buchkapitel \"Emotional Competences Training\" mitzuarbeiten. Das Kapitel wurde als Teil des Buches \"Feelings in Sport - Theory, Research, and Practical Implications for Performance and Well-being\" ver\u00f6ffentlicht:<\/p>\n\n\n\n<p class=\"has-theme-palette-3-color has-text-color has-link-color wp-elements-7bf55194a056d4730c756efddc4e2786\"><a href=\"https:\/\/www.taylorfrancis.com\/chapters\/edit\/10.4324\/9781003052012-12\/emotional-competences-training-sylvain-laborde-julia-eyre-jonas-akpetou-ann-christin-engler-fabian-hofmann-justin-klanderman-yannick-klein-vanessa-martins-martin-leo-reinhard-pia-zajonz-emma-mosley\" target=\"_blank\" rel=\"noreferrer noopener\"><mark style=\"background-color:rgba(0, 0, 0, 0)\" class=\"has-inline-color has-theme-palette-4-color\"><em>S. Laborde, J. Eyre, J. Akpetou, A.C. Engler, F. Hofmann, J. Klanderman, <strong>Y. Klein<\/strong>, V. Martins, M.L. Reinhard, P. Zajonz, E. Mosley, Emotional competences training, Feelings in Sport &#8211; Theory, Research, and Practical Implications for Performance and Well-Being. (2020) 93\u2013106. https:\/\/doi.org\/10.4324\/9781003052012-12.<\/em><\/mark><\/a><\/p>\n\n\n\n<hr class=\"wp-block-separator has-css-opacity\"\/>\n\n\n\n<p><\/p>\n\n\n\n<p>Beitr\u00e4ge auf internationalen Konferenzen:<\/p>\n\n\n\n<p class=\"has-theme-palette-3-color has-text-color has-link-color wp-elements-d381ecfc6d37605a166f69611c160531\"><em><strong>Klein, Y<\/strong>, Lindfors, P, Hanson, L M, &amp; Stenfors, C U D. Nature-related habits and their development and relation to mental health outcomes during the covid-19 pandemic: a population-based study in Sweden. 17th International Congress of Behavioral Medicine, From Local to Global: Behavior, Climate and Health, Vancouver, Canada, August 23-26, 2023.<\/em><\/p>\n\n\n\n<p class=\"has-theme-palette-3-color has-text-color has-link-color wp-elements-07bef2239ebaa06445af5eca20536cbb\"><em>Engler, A.C., Zajonz, P.; Hofmann, F., Akpetou, J.; Eyre, J.; Klandermann, J., <strong>Klein, Y.<\/strong>, Martins, V.; Reinhard, M., Laborde, S. (2019). A narrative review of emotional intelligence training activities in sports. Poster presentation, 15th European Congress of Sport &amp; Exercise Psychology Mu\u0308nster, Germany.<\/em><\/p>\n\n\n\n<p class=\"has-theme-palette-3-color has-text-color has-link-color wp-elements-feda1d48f0ac7bb6d527663553ee6fa5\"><em>Engler, A.C., Hofmann, F., Klandermann, J., <strong>Klein, Y.<\/strong>, Kru\u0308ger, S., Reinhard, M.; Laborde, S. (2019). Origins of self-control failure in athletes: a pilot study. Poster presentation, 15th European Congress of Sport &amp; Exercise Psychology Mu\u0308nster, Germany. <\/em><\/p>\n\n\n\n<p class=\"has-theme-palette-3-color has-text-color has-link-color wp-elements-76ca3ae72622d829da07541c75a1da54\"><em>Seubert, C., <strong>Klein, Y.<\/strong> &amp; Glaser, J. (2018). Das Zusammenspiel arbeitsbezogener und personaler Ressourcen. In R. Trimpop, J. Kampe, M. Bald, I. Seliger &amp; G. Effenberger (Hrsg.), Psychologie der Arbeitssicherheit und Gesundheit: Voneinander lernen und miteinander die Zukunft gestalten! 20. Workshop 2018 (S. 217\u2013220). Kr\u00f6ning, Deutschland: Asanger.<\/em><\/p>","protected":false},"excerpt":{"rendered":"<p>I currently work as a postdoctoral researcher at the Department of Behavioural and Cognitive Sciences, at the University of Luxembourg. In the project I\u2019m working on, WELLMOD, we aim to develop the first well-being-focused micro-simulation model to help policymakers design more effective public policies centred on subjective well-being. The model will allow for the evaluation&#8230;<\/p>","protected":false},"author":1,"featured_media":0,"parent":0,"menu_order":0,"comment_status":"closed","ping_status":"closed","template":"","meta":{"_kad_post_transparent":"","_kad_post_title":"","_kad_post_layout":"","_kad_post_sidebar_id":"","_kad_post_content_style":"","_kad_post_vertical_padding":"","_kad_post_feature":"","_kad_post_feature_position":"","_kad_post_header":false,"_kad_post_footer":false,"footnotes":""},"class_list":["post-902","page","type-page","status-publish","hentry"],"_links":{"self":[{"href":"https:\/\/y-now.com\/de\/wp-json\/wp\/v2\/pages\/902","targetHints":{"allow":["GET"]}}],"collection":[{"href":"https:\/\/y-now.com\/de\/wp-json\/wp\/v2\/pages"}],"about":[{"href":"https:\/\/y-now.com\/de\/wp-json\/wp\/v2\/types\/page"}],"author":[{"embeddable":true,"href":"https:\/\/y-now.com\/de\/wp-json\/wp\/v2\/users\/1"}],"replies":[{"embeddable":true,"href":"https:\/\/y-now.com\/de\/wp-json\/wp\/v2\/comments?post=902"}],"version-history":[{"count":18,"href":"https:\/\/y-now.com\/de\/wp-json\/wp\/v2\/pages\/902\/revisions"}],"predecessor-version":[{"id":1142,"href":"https:\/\/y-now.com\/de\/wp-json\/wp\/v2\/pages\/902\/revisions\/1142"}],"wp:attachment":[{"href":"https:\/\/y-now.com\/de\/wp-json\/wp\/v2\/media?parent=902"}],"curies":[{"name":"wp","href":"https:\/\/api.w.org\/{rel}","templated":true}]}}